{"id":956,"date":"2020-11-10T14:40:15","date_gmt":"2020-11-10T14:40:15","guid":{"rendered":"https:\/\/qantumthemes.xyz\/kentha\/demo11\/page-with-fullscreen-header\/"},"modified":"2023-11-28T20:32:51","modified_gmt":"2023-11-28T19:32:51","slug":"sobre-mi","status":"publish","type":"page","link":"https:\/\/oliviaar.com\/es\/sobre-mi\/","title":{"rendered":"Sobre Mi"},"content":{"rendered":"\t\t<div data-elementor-type=\"wp-page\" data-elementor-id=\"956\" class=\"elementor elementor-956\" data-elementor-post-type=\"page\">\n\t\t\t\t\t\t<section class=\"elementor-section elementor-top-section elementor-element elementor-element-24bc4b92 elementor-section-boxed elementor-section-height-default elementor-section-height-default\" data-id=\"24bc4b92\" data-element_type=\"section\" data-e-type=\"section\">\n\t\t\t\t\t\t<div class=\"elementor-container elementor-column-gap-default\">\n\t\t\t\t\t<div class=\"elementor-column elementor-col-100 elementor-top-column elementor-element elementor-element-3a2575eb\" data-id=\"3a2575eb\" data-element_type=\"column\" data-e-type=\"column\">\n\t\t\t<div class=\"elementor-widget-wrap elementor-element-populated\">\n\t\t\t\t\t\t<div class=\"elementor-element elementor-element-3d561e85 elementor-widget elementor-widget-text-editor\" data-id=\"3d561e85\" data-element_type=\"widget\" data-e-type=\"widget\" data-widget_type=\"text-editor.default\">\n\t\t\t\t<div class=\"elementor-widget-container\">\n\t\t\t\t\t\t\t\t\tOLivia AR (C\u00f3rdoba), inicia sus estudios de Viol\u00edn a la edad de 9 a\u00f1os, en 2010 finaliza sus estudios superiores en el Conservatorio Superior de M\u00fasica de C\u00f3rdoba \u201cRafael Orozco\u201d. Contin\u00faa su perfeccionamiento bajo la gu\u00eda de grandes maestros de grande fama, entre los que se encuentran Eugenio Valdes y \u00c1ngel Guzm\u00e1n (Orquesta de C\u00f3rdoba), Francesco Manara y Giorgio Di Crosta (Teatro alla Scala). Frecuenta cursos y masterclass de maestros tales como Andras Czifras, Mathis Fischer, Rainer Sonne, Leon Spirer, Odd Hannisdal, Jan Mark Sloman, Victor Arriola, David Steward, etc.\t\t\t\t\t\t\t\t<\/div>\n\t\t\t\t<\/div>\n\t\t\t\t<div class=\"elementor-element elementor-element-db3e027 elementor-widget elementor-widget-text-editor\" data-id=\"db3e027\" data-element_type=\"widget\" data-e-type=\"widget\" data-widget_type=\"text-editor.default\">\n\t\t\t\t<div class=\"elementor-widget-container\">\n\t\t\t\t\t\t\t\t\tPerfecciona su preparaci\u00f3n orquestal como alumna de la orquesta de la Accademia del Teatro alla Scala, viene seleccionada para frecuentar la prestigiosa academia orquestal IJOA en Baviera, bajo la gu\u00eda de m\u00fasicos provenientes de la mayor\u00eda de orquestas alemanas como la Bayerische Staatsoper y la Gewandhaus de Leipzig. De joven viene seleccionada para ser parte de algunas orquestas jovenes espa\u00f1olas y del extranjero entre las cuales est\u00e1n: Orquesta Iuventas de Madrid, Joven Orquesta de la Comunidad de Madrid, German-Scandinavian Youth Philharmonic, Tuscan International Youth Orchestra, Orquesta Joven de Noruega (ayuda de segundos), Orquesta de Chipre, Orquesta Joven de C\u00f3rdoba (de la cual ha sido Konzertmeister), Orquesta Joven de Fresno (California).\t\t\t\t\t\t\t\t<\/div>\n\t\t\t\t<\/div>\n\t\t\t\t<div class=\"elementor-element elementor-element-4e7e929 elementor-widget elementor-widget-text-editor\" data-id=\"4e7e929\" data-element_type=\"widget\" data-e-type=\"widget\" data-widget_type=\"text-editor.default\">\n\t\t\t\t<div class=\"elementor-widget-container\">\n\t\t\t\t\t\t\t\t\tEn su actividad profesional ha colaborado y colabora con diversas orquestas como la Orquesta de C\u00f3rdoba, The World Orchestra, Camerata \u201cCapricho Espa\u00f1ol\u201d, Orquesta Sinf\u00f3nica de Melilla, Orquesta de la Accademia del Teatro alla Scala, Bayreuth Festival Orchestra  (como concertino de los primeros violines), Orquesta Abruzzo M\u00fasica, Orquesta Filarm\u00f3nica de la Mancha, Orquesta Sinf\u00f3nica de Linares (como Konzertmeister).\t\t\t\t\t\t\t\t<\/div>\n\t\t\t\t<\/div>\n\t\t\t\t<div class=\"elementor-element elementor-element-e6d7414 elementor-widget elementor-widget-text-editor\" data-id=\"e6d7414\" data-element_type=\"widget\" data-e-type=\"widget\" data-widget_type=\"text-editor.default\">\n\t\t\t\t<div class=\"elementor-widget-container\">\n\t\t\t\t\t\t\t\t\tSu actividad concert\u00edstica la ha llevado a exhibirse en algunas de las salas de concierto m\u00e1s prestigiosas del mundo como el Berliner Philharmonie, Konzerthaus de Berlin, Teatro alla Scala de Mil\u00e1n, Teatro la Fenice de Venecia, Auditorium de la RAI en Tur\u00edn, Auditorium Manzoni de Bolo\u00f1a, \u00d3pera de Muscat (Om\u00e1n), Max Reger Halle de Weiden, Hofburg Theater de Viena, Teatro dal Verme de Mil\u00e1n, Liceu de Barcelona, Auditorio del Emirate Palace de Abu Dhabi, entre otros. Su carrera la lleva exhibirse en muchos pa\u00edses: Espa\u00f1a, Italia, Francia, Alemania, Austria, Holanda, Noruega, Polonia, Chipre,  Estados Unidos (Chicago, Washington, Fresno), M\u00e9xico, China (gira por las ciudades m\u00e1s importantes como Pek\u00edn, Shanghai&#8230;), Emiratos \u00c1rabes (Abu Dhabi), Om\u00e1n; ha colaborado con directores de orquesta de fama mundial como Y.Temirkanov, F.Luisi, G.Noseda, D.Coleman, D.Rustioni, M.Gomez Martinez. J. Vicent y con solistas de gran renombre como Martin Fr\u00f6st, Roberto Bolle, Svetlana Zakharova, Francesca Dego, Michael Nyman&#8230;\t\t\t\t\t\t\t\t<\/div>\n\t\t\t\t<\/div>\n\t\t\t\t<div class=\"elementor-element elementor-element-15fa884 elementor-widget elementor-widget-text-editor\" data-id=\"15fa884\" data-element_type=\"widget\" data-e-type=\"widget\" data-widget_type=\"text-editor.default\">\n\t\t\t\t<div class=\"elementor-widget-container\">\n\t\t\t\t\t\t\t\t\tEn su producciones discogr\u00e1ficas se encuentran: CD grabado con The World Orchestra de las Sinfon\u00edas no. 1, 2, 3, 4 y 5 de Michael Nyman, CD grabado con la Bayreuth Festival Orchestra con m\u00fasica de Liszt, Wagner y Schumann en colaboraci\u00f3n con la Bayerische Rundfunk Radio, dos CD grabados con la Camerata \u201cCapricho Espa\u00f1ol\u201d con m\u00fasica del per\u00edodo Barroco.\n\t\t\t\t\t\t\t\t<\/div>\n\t\t\t\t<\/div>\n\t\t\t\t<div class=\"elementor-element elementor-element-44a4163 elementor-widget elementor-widget-text-editor\" data-id=\"44a4163\" data-element_type=\"widget\" data-e-type=\"widget\" data-widget_type=\"text-editor.default\">\n\t\t\t\t<div class=\"elementor-widget-container\">\n\t\t\t\t\t\t\t\t\tComo violinista en live performance, ha realizado actuaciones con diversos cantautores, grupos de Rock, y con el grupo \u201cThe Elements\u201d de la cual es integrante, ha realizado gira por la geograf\u00eda espa\u00f1ola junto a Ron Barcel\u00f3, violinista en el show de Music Has No Limits y  residente en discotecas de Sevilla, Madrid o la costa del Sol.\t\t\t\t\t\t\t\t<\/div>\n\t\t\t\t<\/div>\n\t\t\t\t\t<\/div>\n\t\t<\/div>\n\t\t\t\t\t<\/div>\n\t\t<\/section>\n\t\t\t\t<\/div>\n\t\t","protected":false},"excerpt":{"rendered":"<p>OLivia AR (C\u00f3rdoba), inicia sus estudios de Viol\u00edn a la edad de 9 a\u00f1os, en 2010 finaliza sus estudios superiores en el Conservatorio Superior de M\u00fasica de C\u00f3rdoba \u201cRafael Orozco\u201d. Contin\u00faa su perfeccionamiento bajo la gu\u00eda de grandes maestros de grande fama, entre los que se encuentran Eugenio Valdes y [&hellip;]<\/p>\n","protected":false},"author":1,"featured_media":0,"parent":0,"menu_order":4,"comment_status":"closed","ping_status":"closed","template":"page-fullscreen-header.php","meta":{"footnotes":""},"class_list":["post-956","page","type-page","status-publish","hentry"],"_links":{"self":[{"href":"https:\/\/oliviaar.com\/es\/wp-json\/wp\/v2\/pages\/956","targetHints":{"allow":["GET"]}}],"collection":[{"href":"https:\/\/oliviaar.com\/es\/wp-json\/wp\/v2\/pages"}],"about":[{"href":"https:\/\/oliviaar.com\/es\/wp-json\/wp\/v2\/types\/page"}],"author":[{"embeddable":true,"href":"https:\/\/oliviaar.com\/es\/wp-json\/wp\/v2\/users\/1"}],"replies":[{"embeddable":true,"href":"https:\/\/oliviaar.com\/es\/wp-json\/wp\/v2\/comments?post=956"}],"version-history":[{"count":7,"href":"https:\/\/oliviaar.com\/es\/wp-json\/wp\/v2\/pages\/956\/revisions"}],"predecessor-version":[{"id":1405,"href":"https:\/\/oliviaar.com\/es\/wp-json\/wp\/v2\/pages\/956\/revisions\/1405"}],"wp:attachment":[{"href":"https:\/\/oliviaar.com\/es\/wp-json\/wp\/v2\/media?parent=956"}],"curies":[{"name":"wp","href":"https:\/\/api.w.org\/{rel}","templated":true}]}}